{"id":600,"date":"2020-05-22T03:17:23","date_gmt":"2020-05-22T03:17:23","guid":{"rendered":"https:\/\/silvertonareacommunityaid.org\/?page_id=600"},"modified":"2025-04-25T18:29:15","modified_gmt":"2025-04-25T18:29:15","slug":"give","status":"publish","type":"page","link":"https:\/\/silvertonareacommunityaid.org\/es\/give\/","title":{"rendered":"Da"},"content":{"rendered":"<div id=\"cs-content\" class=\"cs-content\"><div class=\"x-section e600-e1 mgo-0 mgo-1 mgo-2\"><div class=\"x-bg\" aria-hidden=\"true\"><div class=\"x-bg-layer-lower-image\" data-x-element-bg-layer=\"{&quot;parallaxSize&quot;:&quot;150%&quot;,&quot;parallaxDir&quot;:&quot;v&quot;,&quot;parallaxRev&quot;:false}\"><\/div><\/div><div class=\"x-container max width e600-e2 mgo-6 mgo-7\"><div class=\"x-column x-sm x-1-1 e600-e3 mgo-9\"><hr class=\"x-line e600-e4 mgo-c mgo-d\"\/><div class=\"x-text x-text-headline e600-e5 mgo-m mgo-n mgo-o mgo-p mgo-q\"><div class=\"x-text-content\"><div class=\"x-text-content-text\"><h1 class=\"x-text-content-text-primary\">Da<\/h1>\n<\/div><\/div><\/div><hr class=\"x-line e600-e6 mgo-c mgo-d\"\/><\/div><\/div><\/div><div class=\"x-section e600-e7 mgo-0 mgo-3\"><div class=\"x-container max width e600-e8 mgo-6 mgo-7\"><div class=\"x-column x-sm x-1-3 e600-e9 mgo-9\">&nbsp;<\/div><div class=\"x-column x-sm x-1-3 e600-e10 mgo-9\"><div class=\"x-frame x-frame-video-embed e600-e11 mgo-z mgo-10\"><div class=\"x-frame-inner\"><div class=\"x-video x-video-embed\"><iframe loading=\"lazy\" width=\"560\" height=\"315\" src=\"https:\/\/www.youtube.com\/embed\/I_fhs64wwI4?si=vjR_fyLoxUW-FikJ\" title=\"YouTube video player\" frameborder=\"0\" allow=\"accelerometer; autoplay; clipboard-write; encrypted-media; gyroscope; picture-in-picture; web-share\" referrerpolicy=\"strict-origin-when-cross-origin\" allowfullscreen><\/iframe><\/div><\/div><\/div><\/div><div class=\"x-column x-sm x-1-3 e600-e12 mgo-9\">&nbsp;<\/div><\/div><\/div><div class=\"x-section e600-e13 mgo-0 mgo-2 mgo-4\"><span class=\"x-separator-top-angle-in\" style=\"top: 0px; height: 50px; color: rgb(255, 255, 255);\" aria-hidden=\"true\"><svg class=\"angle-top-in\" style=\"fill: currentColor;\" xmlns=\"http:\/\/www.w3.org\/2000\/svg\" version=\"1.1\" viewbox=\"0 0 100 100\" preserveaspectratio=\"none\"><polygon points=\"0,100 50,100 0,0\"\/><polygon points=\"50,100 100,100 100,0\"\/><\/svg><\/span><div class=\"x-bg\" aria-hidden=\"true\"><div class=\"x-bg-layer-lower-image\" data-x-element-bg-layer=\"{&quot;parallaxSize&quot;:&quot;200%&quot;,&quot;parallaxDir&quot;:&quot;v&quot;,&quot;parallaxRev&quot;:false}\"><\/div><\/div><div class=\"x-container max width e600-e14 mgo-6 mgo-7\"><div class=\"x-column x-sm x-1-1 e600-e15 mgo-9 mgo-a\"><div class=\"x-text x-text-headline e600-e16 mgo-m mgo-p mgo-r\"><div class=\"x-text-content\"><div class=\"x-text-content-text\"><h1 class=\"x-text-content-text-primary\">Da Art\u00edculos<\/h1>\n<\/div><\/div><\/div><div class=\"x-text x-content e600-e17 mgo-11 mgo-12 mgo-13 mgo-14 mgo-15\"><p style=\"text-align: left;\">Aceptamos donaciones de alimentos y art\u00edculos de cuidado personal que podemos distribuir en nuestra despensa. Por favor no done ropa, art\u00edculos para el hogar, u otros art\u00edculos diversos ya que no tenemos espacio de almacenamiento ni los necesitamos.<\/p>\n<p style=\"text-align: left;\">Si tiene alimentos frescos para donar, por favor venga durante el horario de nuestro personal, ya que esto nos permite procesar su donaci\u00f3n y llevar los alimentos a nuestro refrigerador o congelador. El horario de nuestro personal a veces var\u00eda, pero generalmente es el lunes de 8:30am-4:30pm, el martes de 12pm-7pm, el mi\u00e9rcoles de 8:30am-4:30pm, o el jueves de 8:30am-4:30pm.<\/p>\n<p style=\"text-align: left;\">Se pueden traer alimentos no perecederos u otras donaciones durante el horario de nuestro personal (arriba) o puede colocar estas donaciones en nuestro buz\u00f3n (ubicado cerca de nuestra puerta trasera, fuera del estacionamiento del centro comunitario).<\/p>\n<p style=\"text-align: left;\">Ay\u00fadenos a reducir el desperdicio de alimentos y ahorre tiempo al personal\/voluntarios verificando las fechas de los alimentos antes de donarlos. Podemos utilizar muchos art\u00edculos pasadas sus fechas de caducidad. Para obtener m\u00e1s informaci\u00f3n sobre las pautas de vida \u00fatil que utilizamos, haga clic <a href=\"https:\/\/marionpolkfoodshare.org\/wp-content\/uploads\/2021\/07\/Shelf-Life-Guide-updated-6.17.21.pdf\">aqui<\/a> o visite <a href=\"https:\/\/www.foodsafety.gov\/keep-food-safe\/foodkeeper-app\">Aplicaci\u00f3n FoodKeeper<\/a> para descargar la aplicaci\u00f3n FoodKeeper desarrollada por el Servicio de Inspecci\u00f3n y Seguridad Alimentaria del USDA o utilice la versi\u00f3n basada en web.<\/p>\n<p style=\"text-align: left;\">Si necesita hacer otros arreglos de donaci\u00f3n o tiene alguna pregunta, ll\u00e1menos al <a href=\"tel:5038733446\">503.873.3446<\/a>.<\/p><\/div><\/div><\/div><\/div><div class=\"x-section e600-e18 mgo-0 mgo-5\"><div class=\"x-container max width e600-e19 mgo-6 mgo-7\"><div class=\"x-column x-sm x-1-1 e600-e20 mgo-9 mgo-a mgo-b\"><div class=\"x-text x-text-headline e600-e21 mgo-n mgo-p mgo-q mgo-s mgo-t mgo-u\"><div class=\"x-text-content\"><div class=\"x-text-content-text\"><h2 class=\"x-text-content-text-primary\">Da Fondos<\/h2>\n<\/div><\/div><\/div><div class=\"x-text x-content e600-e22 mgo-12 mgo-13 mgo-15 mgo-16 mgo-17\"><p class=\"translation-block\"><em>Silverton Area Community Aid es una organizaci\u00f3n sin \u00e1nimo de lucro 501(c)3 y su donaci\u00f3n es deducible de impuestos. Conserve su recibo de donaci\u00f3n o acuse de recibo para sus registros de impuestos. Nuestro n\u00famero de identificaci\u00f3n fiscal federal es 93-0884237.<\/em><\/p><\/div><hr class=\"x-line e600-e23 mgo-d mgo-e\"\/><\/div><\/div><div class=\"x-container max width e600-e24 mgo-6 mgo-7\"><div class=\"x-column x-sm x-1-3 e600-e25 mgo-9 mgo-a\"><span class=\"x-image e600-e26 mgo-1b\"><img decoding=\"async\" src=\"https:\/\/silvertonareacommunityaid.org\/wp-content\/uploads\/2025\/04\/Check-graphic-for-website.png\" width=\"104\" height=\"81\" alt=\"Image\" loading=\"lazy\"><\/span><hr class=\"x-line e600-e27 mgo-d mgo-f\"\/><div class=\"x-text x-text-headline e600-e28 mgo-p mgo-q mgo-t mgo-u mgo-v mgo-w\"><div class=\"x-text-content\"><div class=\"x-text-content-text\"><h2 class=\"x-text-content-text-primary\">Cheque<\/h2>\n<\/div><\/div><\/div><div class=\"x-text x-content e600-e29 mgo-12 mgo-13 mgo-14 mgo-18 mgo-19\"><p>Haga su cheque a nombre de \"SACA\" o \"Silverton Area Community Aid\" y env\u00edelo por correo a:<\/p>\n<p>PO Box 1305, Silverton OR 97381<\/p><\/div><\/div><div class=\"x-column x-sm x-1-3 e600-e30 mgo-9 mgo-a\"><span class=\"x-image e600-e31 mgo-1b\"><img decoding=\"async\" src=\"https:\/\/silvertonareacommunityaid.org\/wp-content\/uploads\/2020\/04\/paypal-logo.jpg\" width=\"155\" height=\"117\" alt=\"Image\" loading=\"lazy\"><\/span><hr class=\"x-line e600-e32 mgo-d mgo-g\"\/><div class=\"x-text x-content e600-e33 mgo-12 mgo-13 mgo-14 mgo-18 mgo-19\"><p class=\"translation-block\">Done a SACA a trav\u00e9s del Fondo de donaciones de PayPal. PayPal <span style=\"text-decoration: underline\">no<\/span> cobra tarifas por su donaci\u00f3n cuando realiza una donaci\u00f3n mediante <a href=\"https:\/\/www.paypal.com\/fundraiser\/charity\/1299167\" target=\"_blank\" rel=\"noopener\">este enlace<\/a>.<\/p><\/div><\/div><div class=\"x-column x-sm x-1-3 e600-e34 mgo-9 mgo-a\"><span class=\"x-image e600-e35 mgo-1b\"><img decoding=\"async\" src=\"https:\/\/silvertonareacommunityaid.org\/wp-content\/uploads\/2020\/04\/facebook-logo.jpeg\" width=\"72\" height=\"73\" alt=\"Image\" loading=\"lazy\"><\/span><hr class=\"x-line e600-e36 mgo-d mgo-h\"\/><div class=\"x-text x-text-headline e600-e37 mgo-p mgo-q mgo-t mgo-u mgo-v mgo-w\"><div class=\"x-text-content\"><div class=\"x-text-content-text\"><h2 class=\"x-text-content-text-primary\">Facebook<\/h2>\n<\/div><\/div><\/div><div class=\"x-text x-content e600-e38 mgo-12 mgo-13 mgo-14 mgo-18\"><p style=\"text-align: left;\" class=\"translation-block\">Done a SACA a trav\u00e9s de Facebook - busque <span style=\"background-color: transparent;font-family: inherit;font-size: 1em;letter-spacing: 0em\">\"Silverton Area Community Aid - Silverton\" or\u00a0<\/span><span style=\"background-color: transparent;font-family: inherit;font-size: 1em;letter-spacing: 0em\">@SACASilverton<\/span><span style=\"background-color: transparent;font-family: inherit;font-size: 1em;letter-spacing: 0em\">. <strong>Facebook comenz\u00f3 a cobrar tarifas por las donaciones en noviembre de 2023.<\/strong> Tambi\u00e9n puedes usar  <\/span><a style=\"background-color: transparent;font-family: inherit;font-size: 1em;letter-spacing: 0em\" href=\"https:\/\/www.facebook.com\/SACASilverton\" target=\"_blank\" rel=\"noopener\">este enlace<\/a><span style=\"background-color: transparent;font-family: inherit;font-size: 1em;letter-spacing: 0em\"> y luego haga clic en el bot\u00f3n donar.<\/span><\/p><\/div><\/div><\/div><div class=\"x-container max width e600-e39 mgo-7 mgo-8\"><div class=\"x-column x-sm x-1-2 e600-e40 mgo-9 mgo-a\"><a class=\"x-anchor x-anchor-button e600-e41 mgo-1c mgo-1d\" tabindex=\"0\" href=\"\/es\/silvertonareacommunityaid.org\/donate\/\" target=\"_blank\" rel=\"noopener noreferrer\"><div class=\"x-anchor-content\"><div class=\"x-anchor-text\"><span class=\"x-anchor-text-primary\">Dona<\/span><\/div><\/div><\/a><hr class=\"x-line e600-e42 mgo-d mgo-i\"\/><div class=\"x-text x-content e600-e43 mgo-12 mgo-13 mgo-14 mgo-18 mgo-19\"><p style=\"color: #374a57; font-size: 16.64px; text-align: left;\" class=\"translation-block\">Configure una donaci\u00f3n recurrente o una donaci\u00f3n \u00fanica haciendo clic en el bot\u00f3n de donaci\u00f3n en la esquina superior derecha de nuestro sitio web<span style=\"background-color: transparent;font-family: inherit;letter-spacing: 0em;font-size: 16.64px\"> o haga clic <\/span><a style=\"background-color: transparent;font-family: inherit;letter-spacing: 0em;color: #de753d;font-size: 16.64px\" href=\"..\/donate\/\" target=\"_blank\" rel=\"noopener\">aqu\u00ed<\/a><span style=\"font-size: 16.64px;background-color: transparent;font-family: inherit;letter-spacing: 0em\">. Las donaciones se procesar\u00e1n a trav\u00e9s de Stripe.<\/span><\/p>\n<p style=\"color: #374a57; font-size: 16.64px; text-align: left;\"><em>Stripe cobra una tarifa de procesamiento del 3%.<\/em><\/p><\/div><\/div><div class=\"x-column x-sm x-1-2 e600-e44 mgo-9 mgo-a\"><span class=\"x-image e600-e45 mgo-1b\"><img decoding=\"async\" src=\"https:\/\/silvertonareacommunityaid.org\/wp-content\/uploads\/2025\/04\/Piggy-Bank-for-IRA-on-website.png\" width=\"129\" height=\"102\" alt=\"Image\" loading=\"lazy\"><\/span><hr class=\"x-line e600-e46 mgo-d mgo-j\"\/><div class=\"x-text x-text-headline e600-e47 mgo-p mgo-q mgo-t mgo-v mgo-w mgo-x\"><div class=\"x-text-content\"><div class=\"x-text-content-text\"><h2 class=\"x-text-content-text-primary\">IRA (Cuenta de jubilaci\u00f3n individual)<\/h2>\n<\/div><\/div><\/div><div class=\"x-text x-content e600-e48 mgo-12 mgo-13 mgo-14 mgo-18 mgo-19\"><p style=\"text-align: left;\">Es posible que pueda realizar una distribuci\u00f3n caritativa calificada a trav\u00e9s de su IRA. Comun\u00edquese con su asesor financiero para obtener m\u00e1s informaci\u00f3n sobre las ventajas fiscales de donar a trav\u00e9s de su IRA.<\/p><\/div><\/div><\/div><div class=\"x-container max width e600-e49 mgo-6 mgo-7\"><div class=\"x-column x-sm x-1-2 e600-e50 mgo-9\"><span class=\"x-image e600-e51 mgo-1b\"><img decoding=\"async\" src=\"https:\/\/silvertonareacommunityaid.org\/wp-content\/uploads\/2025\/04\/Bank-graphic-for-website.png\" width=\"111\" height=\"108\" alt=\"Image\" loading=\"lazy\"><\/span><div class=\"x-text x-text-headline e600-e52 mgo-p mgo-q mgo-t mgo-v mgo-x mgo-y\"><div class=\"x-text-content\"><div class=\"x-text-content-text\"><h1 class=\"x-text-content-text-primary\"><strong>Banco\/ACH (c\u00e1mara de compensaci\u00f3n automatizada)<\/strong><\/h1>\n<\/div><\/div><\/div><div class=\"x-text x-content e600-e53 mgo-12 mgo-14 mgo-15 mgo-16 mgo-1a\"><p style=\"text-align: left;\">Configure una donaci\u00f3n \u00fanica o recurrente a trav\u00e9s de su plataforma de banca en l\u00ednea o hable con el personal de su banco.<\/p>\n<p style=\"text-align: left;\">O, reg\u00edstrese para donaciones autom\u00e1ticas de ACH a trav\u00e9s del Charitable Partnership Fund haciendo clic en el bot\u00f3n a continuaci\u00f3n para descargar el formulario de inscripci\u00f3n.<\/p><\/div><a class=\"x-anchor x-anchor-button e600-e54 mgo-1c mgo-1e\" tabindex=\"0\" href=\"https:\/\/silvertonareacommunityaid.org\/wp-content\/uploads\/2020\/05\/CPF_Auto-Enrollment-Form-rebranded_ew-edits-4.28.20.docx\" target=\"_blank\" rel=\"noopener noreferrer\"><div class=\"x-anchor-content\"><div class=\"x-anchor-text\"><span class=\"x-anchor-text-primary\">formulario de inscripci\u00f3n<\/span><\/div><\/div><\/a><\/div><div class=\"x-column x-sm x-1-2 e600-e55 mgo-9\"><span class=\"x-image e600-e56 mgo-1b\"><img decoding=\"async\" src=\"https:\/\/silvertonareacommunityaid.org\/wp-content\/uploads\/2025\/04\/Will-estate-graphic-for-website.png\" width=\"114\" height=\"97\" alt=\"Image\" loading=\"lazy\"><\/span><hr class=\"x-line e600-e57 mgo-d mgo-k\"\/><div class=\"x-text x-text-headline e600-e58 mgo-p mgo-q mgo-t mgo-v mgo-x mgo-y\"><div class=\"x-text-content\"><div class=\"x-text-content-text\"><h1 class=\"x-text-content-text-primary\">Testamento\/Fideicomiso<\/h1>\n<\/div><\/div><\/div><hr class=\"x-line e600-e59 mgo-d mgo-l\"\/><div class=\"x-text x-content e600-e60 mgo-12 mgo-14 mgo-15 mgo-16 mgo-1a\"><p class=\"MsoNormal\" style=\"text-align: left;\"><span style=\"font-size: 12.0pt; mso-ascii-font-family: Calibri; mso-hansi-font-family: Calibri; mso-bidi-font-family: Calibri;\">Nombrar SACA en su testamento o fideicomiso ayudar\u00e1 a que nuestros programas se mantengan s\u00f3lidos y promueva la seguridad alimentaria y de vivienda.<\/span><\/p>\n<p class=\"MsoNormal\" style=\"text-align: left;\"><span style=\"font-size: 12.0pt; mso-ascii-font-family: Calibri; mso-hansi-font-family: Calibri; mso-bidi-font-family: Calibri;\">C\u00f3mo hacer un plan de donaci\u00f3n SACA a partir de su testamento o fideicomiso:<br \/><br \/>Puede dejar un apoyo duradero a los programas SACA si planea designar a Silverton Area Community Aid como beneficiario de su testamento, fideicomiso, cuenta de jubilaci\u00f3n, p\u00f3liza de seguro de vida, u otro activo. Este plan tambi\u00e9n se conoce como (donaci\u00f3n de) legado.<br \/><br \/>El lenguaje de un legado es importante, pero no tiene por qu\u00e9 ser complejo. Si desea incluir SACA, aqu\u00ed hay un ejemplo: \u201cPor la presente doy y lego____________ (una donaci\u00f3n espec\u00edfica o un porcentaje del residuo de mi patrimonio) a Silverton Area Community Aid cuya direcci\u00f3n legal es PO Box 1305, Silverton Oregon 97381, identificaci\u00f3n fiscal 93-0884237, para los fines que Silverton Area Community Aid determine que son lo mejor para los programas SACA\u201d.<br \/><br \/>Le recomendamos que pregunte a su abogado o contador sobre los posibles beneficios fiscales (para usted y sus herederos) de incluir organizaciones ben\u00e9ficas en su testamento o fideicomiso. Tambi\u00e9n nos gustar\u00eda alentarlo a que nos notifique su donaci\u00f3n para que podamos entender su inter\u00e9s en SACA y agradecerle de maneras que sean significativas para usted.<br \/><br \/>Esperamos que considere incluir SACA en su planificaci\u00f3n de donaciones. Puede contactar con SACA para m\u00e1s informaci\u00f3n.<\/span><\/p><\/div><\/div><\/div><\/div><\/div>","protected":false},"excerpt":{"rendered":"<p>Give &nbsp;&nbsp;Give Goods We accept donations of food and personal care items that we can distribute in our pantry. Please do not donate clothing, household items, or other miscellaneous items as we do not have storage space or need for them. If you have fresh food to donate, please come during our staff hours as this allows us to process &#8230; <a href=\"https:\/\/silvertonareacommunityaid.org\/es\/give\/\" class=\"more-link\">Read More<\/a><\/p>","protected":false},"author":7,"featured_media":0,"parent":0,"menu_order":0,"comment_status":"closed","ping_status":"closed","template":"template-blank-4.php","meta":{"footnotes":""},"class_list":["post-600","page","type-page","status-publish","hentry","no-post-thumbnail"],"_links":{"self":[{"href":"https:\/\/silvertonareacommunityaid.org\/es\/wp-json\/wp\/v2\/pages\/600","targetHints":{"allow":["GET"]}}],"collection":[{"href":"https:\/\/silvertonareacommunityaid.org\/es\/wp-json\/wp\/v2\/pages"}],"about":[{"href":"https:\/\/silvertonareacommunityaid.org\/es\/wp-json\/wp\/v2\/types\/page"}],"author":[{"embeddable":true,"href":"https:\/\/silvertonareacommunityaid.org\/es\/wp-json\/wp\/v2\/users\/7"}],"replies":[{"embeddable":true,"href":"https:\/\/silvertonareacommunityaid.org\/es\/wp-json\/wp\/v2\/comments?post=600"}],"version-history":[{"count":16,"href":"https:\/\/silvertonareacommunityaid.org\/es\/wp-json\/wp\/v2\/pages\/600\/revisions"}],"predecessor-version":[{"id":10897,"href":"https:\/\/silvertonareacommunityaid.org\/es\/wp-json\/wp\/v2\/pages\/600\/revisions\/10897"}],"wp:attachment":[{"href":"https:\/\/silvertonareacommunityaid.org\/es\/wp-json\/wp\/v2\/media?parent=600"}],"curies":[{"name":"wp","href":"https:\/\/api.w.org\/{rel}","templated":true}]}}