{"id":416,"date":"2019-10-10T17:37:34","date_gmt":"2019-10-10T17:37:34","guid":{"rendered":"https:\/\/silvertonareacommunityaid.org\/?page_id=416"},"modified":"2024-07-03T22:50:54","modified_gmt":"2024-07-03T22:50:54","slug":"get-involved","status":"publish","type":"page","link":"https:\/\/silvertonareacommunityaid.org\/es\/get-involved\/","title":{"rendered":"Involucrarse"},"content":{"rendered":"<div id=\"cs-content\" class=\"cs-content\"><div class=\"x-section e416-e1 mbk-0 mbk-1\"><div class=\"x-bg\" aria-hidden=\"true\"><div class=\"x-bg-layer-lower-image\" data-x-element-bg-layer=\"{&quot;parallaxSize&quot;:&quot;150%&quot;,&quot;parallaxDir&quot;:&quot;v&quot;,&quot;parallaxRev&quot;:false}\"><\/div><div class=\"x-bg-layer-upper-color\"><\/div><\/div><div class=\"x-container max width e416-e2 mbk-3\"><div class=\"x-column x-sm x-1-1 e416-e3 mbk-4\"><div class=\"x-text x-text-headline e416-e4 mbk-5 mbk-6\"><div class=\"x-text-content\"><div class=\"x-text-content-text\"><h1 class=\"x-text-content-text-primary\">Involucrarse<\/h1>\n<\/div><\/div><\/div><\/div><\/div><\/div><div class=\"x-section e416-e5 mbk-0 mbk-2\"><div class=\"x-container max width e416-e6 mbk-3\"><div class=\"x-column x-sm x-1-3 e416-e7 mbk-4\">&nbsp;<\/div><div class=\"x-column x-sm x-1-3 e416-e8 mbk-4\"><div class=\"x-frame x-frame-video-embed e416-e9 mbk-b mbk-c\"><div class=\"x-frame-inner\"><div class=\"x-video x-video-embed\"><iframe loading=\"lazy\" width=\"560\" height=\"315\" src=\"https:\/\/www.youtube.com\/embed\/WibA5lAPdcU\" title=\"YouTube video player\" frameborder=\"0\" allow=\"accelerometer; autoplay; clipboard-write; encrypted-media; gyroscope; picture-in-picture\" allowfullscreen><\/iframe><\/div><\/div><\/div><\/div><div class=\"x-column x-sm x-1-3 e416-e10 mbk-4\">&nbsp;<\/div><\/div><\/div><div class=\"x-section e416-e11 mbk-0 mbk-2\"><div class=\"x-container max width e416-e12 mbk-3\"><div class=\"x-column x-sm x-1-3 e416-e13 mbk-4\"><div class=\"x-text x-text-headline e416-e14 mbk-6 mbk-7 mbk-8\"><div class=\"x-text-content\"><div class=\"x-text-content-text\"><h1 class=\"x-text-content-text-primary\"><strong>Organizar una Colecta<\/strong><\/h1>\n<\/div><\/div><\/div><div class=\"x-text x-content e416-e15 mbk-d mbk-e\"><p>Las colectas de alimentos o art\u00edculos de cuidado personal son incre\u00edblemente importantes para ayudarnos a mantener nuestras despensas abastecidas durante todo el a\u00f1o con art\u00edculos no perecederos.<\/p>\n<p>SACA puede proporcionar barriles para que su empresa, organizaci\u00f3n o escuela recolecte alimentos no perecederos o art\u00edculos de cuidado personal y ayude con el transporte de los alimentos a SACA.<\/p>\n<p style=\"text-align: center;\"><img loading=\"lazy\" decoding=\"async\" class=\"alignnone size-medium wp-image-420\" src=\"..\/wp-content\/uploads\/2019\/10\/Dr.-Kim-Food-Drive-224x300.jpg\" alt=\"\" width=\"224\" height=\"300\" srcset=\"https:\/\/silvertonareacommunityaid.org\/wp-content\/uploads\/2019\/10\/Dr.-Kim-Food-Drive-224x300.jpg 224w, https:\/\/silvertonareacommunityaid.org\/wp-content\/uploads\/2019\/10\/Dr.-Kim-Food-Drive-100x134.jpg 100w, https:\/\/silvertonareacommunityaid.org\/wp-content\/uploads\/2019\/10\/Dr.-Kim-Food-Drive.jpg 716w\" sizes=\"auto, (max-width: 224px) 100vw, 224px\" \/><\/p>\n<p style=\"text-align: left;\">Alimentos comunes para recolectar:<\/p>\n<ul>\n<li>sopas y chilis enlatadas<\/li>\n<li>at\u00fan y carnes enlatadas<\/li>\n<li>peanut butter<\/li>\n<li>frijoles enlatados<\/li>\n<li>vegetales enlatados<\/li>\n<li>cereal<\/li>\n<li>arroz<\/li>\n<li>productos para hornear<\/li>\n<li>pasta\/macarones con queso<\/li>\n<\/ul>\n<p>Considere tambi\u00e9n recolectar art\u00edculos de cuidado personal, como:<\/p>\n<ul>\n<li>higiene menstrual (toallas y tampones)<\/li>\n<li>champ\u00fa<\/li>\n<li>acondicionador<\/li>\n<li>jab\u00f3n<\/li>\n<li>desodorante<\/li>\n<li>cepillos de dientes<\/li>\n<li>pasta dental<\/li>\n<li>loci\u00f3n<\/li>\n<li>papel higi\u00e9nico<\/li>\n<li>jab\u00f3n para platos<\/li>\n<li>detergente de lavander\u00eda<\/li>\n<\/ul>\n<p>Si est\u00e1 interesado en organizar una colecta para SACA, env\u00ede un correo electr\u00f3nico a Russ utilizando el bot\u00f3n a continuaci\u00f3n o ll\u00e1menos al <a href=\"tel:5038733446\">503.873.3446<\/a>.<\/p><\/div><a class=\"x-anchor x-anchor-button e416-e16 mbk-g mbk-h\" tabindex=\"0\" href=\"mailto:russ@silvertonareacommunityaid.org\"><div class=\"x-anchor-content\"><div class=\"x-anchor-text\"><span class=\"x-anchor-text-primary\">Env\u00eda un correo electr\u00f3nico a Russ<\/span><\/div><\/div><\/a><\/div><div class=\"x-column x-sm x-1-3 e416-e17 mbk-4\"><div class=\"x-text x-text-headline e416-e18 mbk-6 mbk-7 mbk-9\"><div class=\"x-text-content\"><div class=\"x-text-content-text\"><h1 class=\"x-text-content-text-primary\"><strong>Ser Voluntario<\/strong><\/h1>\n<\/div><\/div><\/div><div class=\"x-text x-content e416-e19 mbk-e mbk-f\"><p>Los voluntarios de SACA nos ayudan a cumplir nuestra misi\u00f3n de brindar alimentos, servicios y acceso a recursos comunitarios todos los d\u00edas. Amamos a nuestros voluntarios y sabemos que gracias a ellos podemos servir tan bien a nuestra comunidad.<\/p>\n<p>Algunas de nuestras oportunidades de voluntariado en curso incluyen:<\/p>\n<ul>\n<li>Interactuar con los clientes para conocer sus necesidades<\/li>\n<li>Ayudar a la gente a comprar en la despensa<\/li>\n<li>Clasificar donaciones de alimentos y verificar fechas<\/li>\n<li>Restocking shelves and freezers<\/li>\n<li>Limpiar, desinfectar, y organizar<\/li>\n<li>Papeleo y otros proyectos administrativos<\/li>\n<li>Proyectos especiales<\/li>\n<li>Servicios profesionales (como dise\u00f1o web, marketing, construcci\u00f3n)<\/li>\n<li>Ayudar con eventos especiales (como la colecta anual de alimentos)<\/li>\n<\/ul>\n<p>Se anima a individuos, familias y grupos a ser voluntarios. Tambi\u00e9n ofrecemos oportunidades de servicio comunitario.<\/p>\n<p>Puede descargar nuestra solicitud de voluntariado usando el bot\u00f3n a continuaci\u00f3n o venir a vernos a la oficina para completar una en persona.<\/p><\/div><a class=\"x-anchor x-anchor-button e416-e20 mbk-h mbk-i\" tabindex=\"0\" href=\"https:\/\/silvertonareacommunityaid.org\/wp-content\/uploads\/2024\/03\/Updated-Volunteer-Application-3.7.24.pdf\" target=\"_blank\" rel=\"noopener noreferrer\"><div class=\"x-anchor-content\"><div class=\"x-anchor-text\"><span class=\"x-anchor-text-primary\">solicitud de voluntariado<\/span><\/div><\/div><\/a><div class=\"x-text x-content e416-e21 mbk-e mbk-f\"><p>Para obtener m\u00e1s informaci\u00f3n sobre las oportunidades de voluntariado actuales y futuras, por favor <span style=\"background-color: transparent; font-family: inherit; font-size: 16.64px; letter-spacing: 0em;\">env\u00eda un correo electr\u00f3nico a Krista usando el bot\u00f3n a continuaci\u00f3n<\/span><span style=\"background-color: transparent; font-family: inherit; font-size: 16.64px; letter-spacing: 0em;\">&nbsp;o ll\u00e1manos al&nbsp;<\/span><a style=\"background-color: transparent; font-family: inherit; font-size: 16.64px; letter-spacing: 0em;\" href=\"tel:5038733446\">503.873.3446<\/a><span style=\"background-color: transparent; font-family: inherit; font-size: 16.64px; letter-spacing: 0em;\">.<\/span><\/p><\/div><a class=\"x-anchor x-anchor-button e416-e22 mbk-h mbk-i\" tabindex=\"0\" href=\"mailto:krista@silvertonareacommunityaid.org\" target=\"_blank\" rel=\"noopener noreferrer\"><div class=\"x-anchor-content\"><div class=\"x-anchor-text\"><span class=\"x-anchor-text-primary\">Env\u00eda un correo electr\u00f3nico a Krista<\/span><\/div><\/div><\/a><\/div><div class=\"x-column x-sm x-1-3 e416-e23 mbk-4\"><div class=\"x-text x-text-headline e416-e24 mbk-6 mbk-7 mbk-a\"><div class=\"x-text-content\"><div class=\"x-text-content-text\"><h1 class=\"x-text-content-text-primary\"><strong>Proyecto de Alimentaci\u00f3n Vecinal<\/strong><\/h1>\n<\/div><\/div><\/div><div class=\"x-text x-content e416-e25 mbk-d mbk-e\"><div class=\"et_pb_module et_pb_text et_pb_text_0 et_pb_bg_layout_light et_pb_text_align_center\">\n<div class=\"et_pb_text_inner translation-block\"><span style=\"background-color: transparent;font-family: inherit;font-size: 1.04em;letter-spacing: 0em\">Un sistema simple que realmente funciona. <\/span><span style=\"background-color: transparent;font-family: inherit;font-size: 1.04em;letter-spacing: 0em\">El Proyecto de Alimentos Vecinales es una forma nueva e innovadora de combatir el hambre en nuestra comunidad. Quieres ayudar. Lo hacemos f\u00e1cil. <\/span><\/div>\n<div class=\"et_pb_text_inner\">&nbsp;<\/div>\n<div class=\"et_pb_text_inner\">&nbsp;<\/div>\n<div class=\"et_pb_text_inner\"><span style=\"background-color: transparent; font-family: inherit; font-size: 1.04em; letter-spacing: 0em;\">Todo est\u00e1 en el poder de Una Bolsa Verde.<\/span><\/div>\n<div class=\"et_pb_text_inner\">&nbsp;<\/div>\n<div class=\"et_pb_text_inner\">&nbsp;<\/div>\n<\/div>\n<p><img loading=\"lazy\" decoding=\"async\" class=\"alignnone size-medium wp-image-419\" style=\"display: block; margin-left: auto; margin-right: auto;\" src=\"..\/wp-content\/uploads\/2019\/10\/Food-Project-225x300.jpg\" alt=\"\" width=\"225\" height=\"300\" srcset=\"https:\/\/silvertonareacommunityaid.org\/wp-content\/uploads\/2019\/10\/Food-Project-225x300.jpg 225w, https:\/\/silvertonareacommunityaid.org\/wp-content\/uploads\/2019\/10\/Food-Project-100x133.jpg 100w, https:\/\/silvertonareacommunityaid.org\/wp-content\/uploads\/2019\/10\/Food-Project.jpg 720w\" sizes=\"auto, (max-width: 225px) 100vw, 225px\" \/><\/p>\n<p><strong>CADA 2 MESES<\/strong>\u2014el segundo s\u00e1bado de cada mes par\u2014nuestros Coordinadores Vecinales recogen las bolsas verdes llenas por los Donantes de Alimentos que las dejaron afuera de sus puertas. Dejan bolsas vac\u00edas para la pr\u00f3xima vez y llevan toda la comida a SACA. \u00a1Es f\u00e1cil!<\/p>\n<p><strong>Donantes de Alimentos: <\/strong>Llene una bolsa verde con art\u00edculos no perecederos durante 2 meses, y coloque la bolsa llena en el porche de su casa los d\u00edas del Proyecto de Alimentos. \u00a1Son unos 15 minutos de trabajo, cada dos meses, 6 veces al a\u00f1o!<\/p>\n<p><strong>Coordinadores Vecinales:<\/strong> Recoja las bolsas verdes llenas de los Donantes de Alimentos de sus porches y entr\u00e9guelas a SACA los d\u00edas del Proyecto de Alimentos. \u00a1Es aproximadamente una hora de trabajo, cada dos meses, 6 veces al a\u00f1o!<\/p>\n<p><div class=\"x-resp-embed x-is-video x-is-youtube\"><iframe loading=\"lazy\" title=\"The Power of One Green Bag - How It All Works\" width=\"1184\" height=\"666\" src=\"https:\/\/www.youtube.com\/embed\/mYCVbuyv840?feature=oembed\" frameborder=\"0\" allow=\"accelerometer; autoplay; encrypted-media; gyroscope; picture-in-picture\" allowfullscreen><\/iframe><\/div><\/p>\n<p>Si est\u00e1 interesado en ser Donante de Alimentos o Coordinador Vecinal, env\u00eda un correo electr\u00f3nico a Patti utilizando el bot\u00f3n a continuaci\u00f3n o ll\u00e1menos al <a href=\"tel:5038733446\">503.873.3446<\/a>.<\/p><\/div><a class=\"x-anchor x-anchor-button e416-e26 mbk-h mbk-i\" tabindex=\"0\" href=\"mailto:patti@silvertonareacommunityaid.org\" target=\"_blank\" rel=\"noopener noreferrer\"><div class=\"x-anchor-content\"><div class=\"x-anchor-text\"><span class=\"x-anchor-text-primary\">Env\u00eda un correo electr\u00f3nico a Patti<\/span><\/div><\/div><\/a><\/div><\/div><\/div><\/div>","protected":false},"excerpt":{"rendered":"<p>Get Involved &nbsp;&nbsp;Host a Drive Food or personal care item drives are incredibly important in helping us keep our pantry shelves stocked year round with non-perishable items. SACA can provide barrels for your business, organization, or school to collect non-perishable food or personal care items and assist with transporting the food to SACA. Common food items to collect: canned soups &#8230; <a href=\"https:\/\/silvertonareacommunityaid.org\/es\/get-involved\/\" class=\"more-link\">Read More<\/a><\/p>","protected":false},"author":7,"featured_media":0,"parent":0,"menu_order":0,"comment_status":"closed","ping_status":"closed","template":"template-blank-4.php","meta":{"footnotes":""},"class_list":["post-416","page","type-page","status-publish","hentry","no-post-thumbnail"],"_links":{"self":[{"href":"https:\/\/silvertonareacommunityaid.org\/es\/wp-json\/wp\/v2\/pages\/416","targetHints":{"allow":["GET"]}}],"collection":[{"href":"https:\/\/silvertonareacommunityaid.org\/es\/wp-json\/wp\/v2\/pages"}],"about":[{"href":"https:\/\/silvertonareacommunityaid.org\/es\/wp-json\/wp\/v2\/types\/page"}],"author":[{"embeddable":true,"href":"https:\/\/silvertonareacommunityaid.org\/es\/wp-json\/wp\/v2\/users\/7"}],"replies":[{"embeddable":true,"href":"https:\/\/silvertonareacommunityaid.org\/es\/wp-json\/wp\/v2\/comments?post=416"}],"version-history":[{"count":17,"href":"https:\/\/silvertonareacommunityaid.org\/es\/wp-json\/wp\/v2\/pages\/416\/revisions"}],"predecessor-version":[{"id":10696,"href":"https:\/\/silvertonareacommunityaid.org\/es\/wp-json\/wp\/v2\/pages\/416\/revisions\/10696"}],"wp:attachment":[{"href":"https:\/\/silvertonareacommunityaid.org\/es\/wp-json\/wp\/v2\/media?parent=416"}],"curies":[{"name":"wp","href":"https:\/\/api.w.org\/{rel}","templated":true}]}}