{"id":262,"date":"2019-07-26T19:53:05","date_gmt":"2019-07-26T19:53:05","guid":{"rendered":"https:\/\/silvertonareacommunityaid.org\/?page_id=262"},"modified":"2025-10-07T22:40:44","modified_gmt":"2025-10-07T22:40:44","slug":"get-help-paying-for-things","status":"publish","type":"page","link":"https:\/\/silvertonareacommunityaid.org\/es\/get-help-paying-for-things\/","title":{"rendered":"Obtenga Ayuda para Pagar las Cosas"},"content":{"rendered":"<div id=\"cs-content\" class=\"cs-content\"><div class=\"x-section e262-e1 m7a-0 m7a-1 m7a-2 m7a-3 m7a-4\"><div class=\"x-bg\" aria-hidden=\"true\"><div class=\"x-bg-layer-lower-image\" data-x-element-bg-layer=\"{&quot;parallaxSize&quot;:&quot;150%&quot;,&quot;parallaxDir&quot;:&quot;v&quot;,&quot;parallaxRev&quot;:false}\"><\/div><div class=\"x-bg-layer-upper-color\"><\/div><\/div><div class=\"x-container max width e262-e2 m7a-b m7a-c m7a-d\"><div class=\"x-column x-sm x-1-1 e262-e3 m7a-h\"><div class=\"x-text x-text-headline e262-e4 m7a-j m7a-k m7a-l m7a-m m7a-n m7a-o m7a-p m7a-q\"><div class=\"x-text-content\"><div class=\"x-text-content-text\"><h1 class=\"x-text-content-text-primary\">Obtenga Ayuda para Pagar las Cosas<\/h1>\n<\/div><\/div><\/div><\/div><\/div><\/div><div class=\"x-section e262-e5 m7a-0 m7a-2 m7a-3 m7a-5 m7a-6 m7a-7\" id=\"eligibility\"><div class=\"x-bg\" aria-hidden=\"true\"><div class=\"x-bg-layer-lower-image\" data-x-element-bg-layer=\"{&quot;parallaxSize&quot;:&quot;150%&quot;,&quot;parallaxDir&quot;:&quot;v&quot;,&quot;parallaxRev&quot;:false}\"><\/div><\/div><div class=\"x-container max width e262-e6 m7a-b m7a-c m7a-d m7a-e\"><div class=\"x-column x-sm x-1-1 e262-e7 m7a-h\"><div class=\"x-text x-text-headline e262-e8 m7a-j m7a-k m7a-l m7a-m m7a-o m7a-p m7a-r m7a-s\"><div class=\"x-text-content\"><div class=\"x-text-content-text\"><h1 class=\"x-text-content-text-primary\">\u00bfNecesitas ayuda?<\/h1>\n<\/div><\/div><\/div><div class=\"x-text x-content e262-e9 m7a-14 m7a-15 m7a-16 m7a-17 m7a-18 m7a-19\"><p class=\"translation-block\"><strong>SACA a menudo puede ayudar a pagar cosas como alquiler, servicios p\u00fablicos (PGE, NW Natural, agua\/alcantarillado), gastos m\u00e9dicos\/dentales, propano, gasolina, y boletos de autob\u00fas.<\/strong> Brindamos asistencia financiera a las personas que cumplen con los requisitos. las <a href=\"#eligibility\" target=\"_self\">pautas de ingresos<\/a> y viven (o tienen hijos actualmente inscritos) en el <a href=\"https:\/\/drive.google.com\/open? id=1wl8kqm9Hyzx5ldX858RVP9uMp5SiV6Bm&amp;usp=sharing\" target=\"_blank\" rel=\"noopener\">Distrito Escolar de Silver Falls<\/a> (que incluye Silverton y partes de otras \u00e1reas circundantes, incluidos Scotts Mills, Mt. Angel, Salem y m\u00e1s). A veces tambi\u00e9n podemos ayudar a pagar otras cosas\u2014solo preg\u00fantenos si necesita ayuda con algo m\u00e1s.<\/p><\/div><\/div><\/div><div class=\"x-container max width e262-e10 m7a-b m7a-c m7a-f\"><div class=\"x-column x-sm x-1-2 e262-e11 m7a-h\"><div class=\"x-text x-content e262-e12 m7a-16 m7a-18 m7a-19 m7a-1a m7a-1b m7a-1c m7a-1d m7a-1e\"><p>Puede obtener ayuda para pagar cosas si todo lo siguiente es cierto:<\/p>\n<ul>\n<li>You live within or have children currently enrolled in the <a href=\"https:\/\/drive.google.com\/open?id=1wl8kqm9Hyzx5ldX858RVP9uMp5SiV6Bm&amp;usp=sharing\" target=\"_blank\" rel=\"noopener\">Silver Falls School District<\/a>. Schools in the Silver Falls School District include:&nbsp;\n<ul>\n<li>Escuela Aut\u00f3noma Betania<\/li>\n<li>Escuela Primaria Butte Creek<\/li>\n<li>Escuela Primaria Central Howell<\/li>\n<li>La Escuela Community Roots<\/li>\n<li>Escuela Primaria Evergreen<\/li>\n<li>Escuela Primaria Mark Twain<\/li>\n<li>Escuela Primaria Pratum<\/li>\n<li>Escuela Primaria Robert Frost<\/li>\n<li>Escuela Primaria Scotts Mills<\/li>\n<li>Academia Sequoia Falls<\/li>\n<li>Escuela Primaria Silver Crest<\/li>\n<li>Escuela Secundaria Silverton<\/li>\n<li>Escuela Intermedia Silverton<\/li>\n<li>Escuela Primaria Victor Point<\/li>\n<\/ul>\n<\/li>\n<li>El ingreso total de su hogar es igual o inferior a la pauta de ingresos de SACA para la cantidad de personas en su hogar (consulte el cuadro a la derecha) -- el ingreso total del hogar es la cantidad de dinero que todos los que viven con usted reciben cada mes (o cada a\u00f1o)<\/li>\n<li>Todav\u00eda nos queda dinero en nuestro presupuesto de ayuda financiera<\/li>\n<\/ul><\/div><\/div><div class=\"x-column x-sm x-1-2 e262-e13 m7a-h\"><div class=\"x-text x-text-headline e262-e14 m7a-j m7a-k m7a-l m7a-p m7a-s m7a-t m7a-u\"><div class=\"x-text-content\"><div class=\"x-text-content-text\"><h1 class=\"x-text-content-text-primary\"><strong>2025-2026 SACA Income Guidelines for Help Paying for Things<\/strong><\/h1>\n<\/div><\/div><\/div><div class=\"x-content-area e262-e15 m7a-1m\"><table>\n<thead>\n<tr>\n<th>Household Size<\/th>\n<th>Income (Monthly)<\/th>\n<th>Income (Annual)<\/th>\n<\/tr>\n<\/thead>\n<tbody>\n<tr>\n<td>1<\/td>\n<td>$4,325<\/td>\n<td>$51,900<\/td>\n<\/tr>\n<tr>\n<td>2<\/td>\n<td>$4,942<\/td>\n<td>$59,300<\/td>\n<\/tr>\n<tr>\n<td>3<\/td>\n<td>$5,558<\/td>\n<td>$66,700<\/td>\n<\/tr>\n<tr>\n<td>4<\/td>\n<td>$6,175<\/td>\n<td>$74,100<\/td>\n<\/tr>\n<tr>\n<td>5<\/td>\n<td>$6,671<\/td>\n<td>$80,050<\/td>\n<\/tr>\n<tr>\n<td>6<\/td>\n<td>$7,167<\/td>\n<td>$86,000<\/td>\n<\/tr>\n<tr>\n<td>7<\/td>\n<td>$7,658<\/td>\n<td>$91,900<\/td>\n<\/tr>\n<tr>\n<td>8*<\/td>\n<td>$8,154<\/td>\n<td>$97,850<\/td>\n<\/tr>\n<\/tbody>\n<\/table><\/div><div class=\"x-text x-text-headline e262-e16 m7a-j m7a-k m7a-l m7a-s m7a-t m7a-v\"><div class=\"x-text-content\"><div class=\"x-text-content-text\"><h1 class=\"x-text-content-text-primary\">*Para m\u00e1s de 8 personas, cont\u00e1ctenos para discutir las pautas de ingresos.<\/h1>\n<\/div><\/div><\/div><\/div><\/div><\/div><div class=\"x-section e262-e17 m7a-0 m7a-2 m7a-8\"><div class=\"x-container max width e262-e18 m7a-b m7a-c m7a-d\"><div class=\"x-column x-sm x-1-2 e262-e19 m7a-h\"><div class=\"x-frame x-frame-map-embed e262-e20 m7a-1n\"><div class=\"x-frame-inner\"><div class=\"x-map x-map-embed\"><iframe src=\"https:\/\/www.google.com\/maps\/embed?pb=!1m18!1m12!1m3!1d2821.081739993035!2d-122.78355512257357!3d45.00296196409338!2m3!1f0!2f0!3f0!3m2!1i1024!2i768!4f13.1!3m3!1m2!1s0x54bfe39ac5850b27%3A0xd00ee877f36e8add!2sSilverton%20Area%20Community%20Aid!5e0!3m2!1sen!2sus!4v1698963316150!5m2!1sen!2sus\" width=\"600\" height=\"450\" style=\"border:0;\" allowfullscreen=\"\" loading=\"lazy\" referrerpolicy=\"no-referrer-when-downgrade\"><\/iframe><\/div><\/div><\/div><\/div><div class=\"x-column x-sm x-1-2 e262-e21 m7a-h\"><div class=\"x-text x-text-headline e262-e22 m7a-k m7a-l m7a-m m7a-q m7a-w m7a-x m7a-y\"><div class=\"x-text-content\"><div class=\"x-text-content-text\"><h1 class=\"x-text-content-text-primary\">D\u00f3nde y cu\u00e1ndo encontrarnos<\/h1>\n<\/div><\/div><\/div><div class=\"x-container e262-e23 m7a-b m7a-c m7a-d\"><div class=\"x-column x-sm x-1-2 e262-e24 m7a-h\"><div class=\"x-text x-content e262-e25 m7a-16 m7a-17 m7a-1b m7a-1d m7a-1f m7a-1g m7a-1h\"><p>1030 N 1st St, Suite A<br \/>Silverton, OR 97381<\/p><\/div><\/div><div class=\"x-column x-sm x-1-2 e262-e26 m7a-h\"><div class=\"x-text x-content e262-e27 m7a-15 m7a-16 m7a-1b m7a-1c m7a-1d m7a-1g m7a-1h m7a-1i\"><p style=\"font-size: 12.8px;\"><strong>Hours for walk-in help:<\/strong><\/p>\n<p style=\"font-size: 12.8px;\"><strong>lunes: <\/strong>11:00am-2:00pm<\/p>\n<p style=\"font-size: 12.8px;\"><strong>martes: <\/strong>4:00pm-6:00pm<\/p>\n<p style=\"font-size: 12.8px;\"><strong style=\"font-size: 12.8px;\">jueves:&nbsp;<\/strong><span style=\"font-size: 12.8px;\">9:00am-12:00pm<\/span><\/p>\n<p style=\"font-size: 12.8px;\"><strong>mi\u00e9rcoles, viernes, s\u00e1bado<br \/>y domingo: <\/strong>CERRADA<\/p><\/div><\/div><\/div><div class=\"x-container e262-e28 m7a-b m7a-c m7a-d\"><div class=\"x-column x-sm x-1-2 e262-e29 m7a-h\"><a class=\"x-anchor x-anchor-button e262-e30 m7a-1o\" tabindex=\"0\" href=\"https:\/\/goo.gl\/maps\/1T9QRgGivbvECBbd6\" target=\"_blank\" rel=\"noopener noreferrer\"><div class=\"x-anchor-content\"><div class=\"x-anchor-text\"><span class=\"x-anchor-text-primary\">obtener las direcciones<\/span><\/div><\/div><\/a><\/div><div class=\"x-column x-sm x-1-2 e262-e31 m7a-h\"><a class=\"x-anchor x-anchor-button e262-e32 m7a-1o\" tabindex=\"0\" href=\"\/es\/contact-us\/\"><div class=\"x-anchor-content\"><div class=\"x-anchor-text\"><span class=\"x-anchor-text-primary\">Cont\u00e1ctenos<\/span><\/div><\/div><\/a><\/div><\/div><hr class=\"x-line e262-e33 m7a-1p m7a-1q\"\/><div class=\"x-text x-text-headline e262-e34 m7a-k m7a-l m7a-m m7a-q m7a-w m7a-y m7a-z\"><div class=\"x-text-content\"><div class=\"x-text-content-text\"><h1 class=\"x-text-content-text-primary\"><strong>You may call us at (503) 873-3446 to schedule an appointment with our case managers. Days and times are based on their availability. Please call as soon as you know you need help to make sure we can meet with you.<\/strong><\/h1>\n<\/div><\/div><\/div><\/div><\/div><\/div><div class=\"x-section e262-e35 m7a-0 m7a-5 m7a-9\"><div class=\"x-container max width e262-e36 m7a-b m7a-c m7a-d\"><div class=\"x-column x-sm x-1-1 e262-e37 m7a-h\"><div class=\"x-text x-text-headline e262-e38 m7a-j m7a-k m7a-l m7a-m m7a-p m7a-s m7a-y m7a-10\"><div class=\"x-text-content\"><div class=\"x-text-content-text\"><h1 class=\"x-text-content-text-primary\"><strong>Preguntas Frecuentes<\/strong><\/h1>\n<\/div><\/div><\/div><\/div><\/div><div class=\"x-container max width e262-e39 m7a-b m7a-c m7a-d\"><div class=\"x-column x-sm x-1-2 e262-e40 m7a-h m7a-i\"><span class=\"x-image e262-e41 m7a-1s\"><img decoding=\"async\" src=\"https:\/\/silvertonareacommunityaid.org\/wp-content\/uploads\/2019\/07\/arrow-icon-general-2.png\" width=\"52\" height=\"39\" alt=\"Image\" loading=\"lazy\"><\/span><div class=\"x-text x-text-headline e262-e42 m7a-k m7a-m m7a-s m7a-y m7a-11 m7a-12\"><div class=\"x-text-content\"><div class=\"x-text-content-text\"><h1 class=\"x-text-content-text-primary\"><strong>\u00bfQue necesito hacer?<\/strong><\/h1>\n<\/div><\/div><\/div><div class=\"x-text x-content e262-e43 m7a-16 m7a-1c m7a-1d m7a-1j m7a-1k\"><ul style=\"margin-bottom: 1.5em; color: #374a57;\">\n<li>Meet with one of our case managers (walk-in during pantry hours or call us at (503) 873-3446 to schedule an appointment)<\/li>\n<li>Our case manager will ask about:\n<ul>\n<li>Qu\u00e9 tipo de ayuda necesitas<\/li>\n<li>Por qu\u00e9 necesitas ayuda<\/li>\n<li>Cu\u00e1nta ayuda necesitas<\/li>\n<li>How much you can contribute to these costs<\/li>\n<li>What your household income is (total amount of money everyone in your household gets) -- bring proof of income (pay stubs, etc.) to SACA (if you have it)<\/li>\n<li>Cu\u00e1les son sus costos mensuales (cu\u00e1nto gasta en cosas cada mes)&nbsp;<\/li>\n<li>C\u00f3mo planeas pagar las cosas el pr\u00f3ximo mes<\/li>\n<\/ul>\n<\/li>\n<li>Bring paperwork showing how much you need to pay for whatever you are asking us to help you pay (example: PGE bill or rental agreement) -- this can be sent by email if agreed upon by our case management team<\/li>\n<li>Complete los formularios de Divulgaci\u00f3n de informaci\u00f3n para permitirnos hablar con las personas o empresas a las que necesita pagar<\/li>\n<\/ul><\/div><hr class=\"x-line e262-e44 m7a-1q m7a-1r\"\/><span class=\"x-image e262-e45 m7a-1s\"><img decoding=\"async\" src=\"https:\/\/silvertonareacommunityaid.org\/wp-content\/uploads\/2019\/07\/arrow-icon-general-2.png\" width=\"52\" height=\"39\" alt=\"Image\" loading=\"lazy\"><\/span><div class=\"x-text x-text-headline e262-e46 m7a-k m7a-m m7a-s m7a-y m7a-11 m7a-12\"><div class=\"x-text-content\"><div class=\"x-text-content-text\"><h1 class=\"x-text-content-text-primary\"><strong>\u00bfNecesito traer algo?<\/strong><\/h1>\n<\/div><\/div><\/div><div class=\"x-text x-content e262-e47 m7a-16 m7a-18 m7a-19 m7a-1c m7a-1d m7a-1e m7a-1j\"><p><span style=\"background-color: transparent; font-family: inherit; font-size: 1em; letter-spacing: 0em;\">S\u00ed, traiga comprobante de ingresos de los \u00faltimos 2 meses si lo tiene y una copia de su(s) factura(s), contrato de alquiler y cualquier otro documento que muestre informaci\u00f3n relacionada con la ayuda que necesita. Si ya tiene una tarjeta Link2Feed, tr\u00e1igala tambi\u00e9n.<\/span><\/p><\/div><\/div><div class=\"x-column x-sm x-1-2 e262-e48 m7a-h\"><span class=\"x-image e262-e49 m7a-1s\"><img decoding=\"async\" src=\"https:\/\/silvertonareacommunityaid.org\/wp-content\/uploads\/2019\/07\/arrow-icon-general-2.png\" width=\"52\" height=\"39\" alt=\"Image\" loading=\"lazy\"><\/span><div class=\"x-text x-text-headline e262-e50 m7a-k m7a-m m7a-s m7a-y m7a-11 m7a-12\"><div class=\"x-text-content\"><div class=\"x-text-content-text\"><h1 class=\"x-text-content-text-primary\"><strong>\u00bfQu\u00e9 debo esperar?<\/strong><\/h1>\n<\/div><\/div><\/div><div class=\"x-text x-content e262-e51 m7a-16 m7a-18 m7a-19 m7a-1c m7a-1d m7a-1e m7a-1j\"><p>Please wait to arrive until we open. We ask that you not form a line or place belongings to hold a spot.<\/p>\n<p>Our entrance is on the Dollar General side of the building. You may enter through the sliding door.<\/p>\n<p>Cuando venga a SACA a pedir ayuda para pagar cosas, consulte con el Coordinador de Admisi\u00f3n en la recepci\u00f3n. Si ya tiene una tarjeta Link2Feed, t\u00e9ngala lista para ayudar con el registro. Si no tiene una tarjeta Link2Feed, es posible que deba agregarlo a la base de datos de Link2Feed.<\/p>\n<p>At check in, the Intake Coordinator will discuss the types of help you need and let a Case Manager know you would like to meet. When a Case Manager is available to meet with you, you will discuss your situation and complete a Financial Assistance Application, including the Monthly Household Income and Budget Worksheets and a Release of Information. The Case Manager will work with you to determine if SACA will be able to help cover costs.<\/p><\/div><\/div><\/div><\/div><div class=\"x-section e262-e52 m7a-0 m7a-2 m7a-3 m7a-4 m7a-7 m7a-a\"><div class=\"x-bg\" aria-hidden=\"true\"><div class=\"x-bg-layer-lower-image\"><\/div><\/div><div class=\"x-container e262-e53 m7a-c m7a-d m7a-g\"><div class=\"x-column x-sm x-1-1 e262-e54 m7a-h\"><div class=\"x-text x-text-headline e262-e55 m7a-k m7a-l m7a-m m7a-p m7a-r m7a-s m7a-y m7a-12 m7a-13\"><div class=\"x-text-content\"><div class=\"x-text-content-text\"><h1 class=\"x-text-content-text-primary\">Otras Agencias que Ofrecen Ayuda<\/h1>\n<\/div><\/div><\/div><div class=\"x-text x-content e262-e56 m7a-16 m7a-19 m7a-1c m7a-1d m7a-1g m7a-1l\"><p><strong>Acci\u00f3n Comunitaria (MWVCAA)<\/strong><br \/><a href=\"tel:5035856232\">503.585.6232<\/a><br \/><a href=\"http:\/\/mwvcaa.org\/\" target=\"_blank\" rel=\"noopener\">http:\/\/mwvcaa.org\/&nbsp;<\/a><\/p>\n<p><strong>ARCHES<\/strong><br \/><a href=\"tel:5033999080\">503.399.9080<\/a><br \/><a href=\"http:\/\/mwvcaa.org\/programs\/crp\/\" target=\"_blank\" rel=\"noopener\">http:\/\/mwvcaa.org\/programs\/crp\/&nbsp;<\/a><\/p>\n<p><strong>Servicios Humanos del Noroeste\/Recursos de Mid Valley<\/strong><br \/><a href=\"tel:5035815535\">503.581.5535<\/a><br \/><a href=\"https:\/\/www.midvalleyresources.org\/\" target=\"_blank\" rel=\"noopener\">https:\/\/www.midvalleyresources.org\/<\/a><\/p>\n<p><strong>LIHEAP\/Asistencia Energ\u00e9tica<\/strong><br \/><a href=\"tel:5035889016\">503.588.9016<\/a><br \/><a href=\"https:\/\/www.benefits.gov\/benefit\/1571\" target=\"_blank\" rel=\"noopener\">https:\/\/www.benefits.gov\/benefit\/1571<\/a><\/p>\n<p><strong>St. Vincent de Paul<\/strong><br \/><a href=\"tel:5033645672\">503.364.5672<\/a><br \/><a href=\"http:\/\/svdpsalem.org\/bill-pay\/\" target=\"_blank\" rel=\"noopener\">http:\/\/svdpsalem.org\/bill-pay\/<\/a><\/p>\n<p><strong>Salvation Army<\/strong><br \/><a href=\"tel:5035856688\">503.585.6688<\/a><br \/><a href=\"https:\/\/salem.kroccenter.org\/kroc-salem\/find-help\/\" target=\"_blank\" rel=\"noopener\">https:\/\/salem.kroccenter.org\/kroc-salem\/find-help\/<\/a><\/p>\n<p><strong>Coalici\u00f3n de Desarrollo Humano de Oreg\u00f3n (OHDC)\/Vivienda para Trabajadores Agr\u00edcolas<\/strong><br \/><a href=\"tel:5039825100\">503.982.5100<\/a><br \/><a href=\"https:\/\/www.ohdc.org\/\" target=\"_blank\" rel=\"noopener\">https:\/\/www.ohdc.org\/<\/a><\/p>\n<p><strong>Servicios Humanos del Noroeste: Atenci\u00f3n M\u00e9dica<\/strong><br \/><a href=\"tel:5033787526\">503.378.7526<\/a><br \/><a href=\"http:\/\/www.northwesthumanservices.org\/\" target=\"_blank\" rel=\"noopener\">http:\/\/www.northwesthumanservices.org\/&nbsp;<\/a><\/p>\n<p><strong>Autoridad de Vivienda del Condado de Marion<\/strong><br \/><a href=\"tel:5037984170\">503.798.4170<\/a><br \/><a href=\"https:\/\/www.co.marion.or.us\/HA\" target=\"_blank\" rel=\"noopener\">https:\/\/www.co.marion.or.us\/HA<\/a><\/p>\n<p><strong>Love INC<\/strong><br \/><a href=\"tel:9719835683\">971.983.5683<\/a><br \/><a href=\"https:\/\/www.loveincnmc.org\/\" target=\"_blank\" rel=\"noopener\">https:\/\/www.loveincnmc.org\/<\/a><\/p><\/div><\/div><\/div><\/div><\/div>","protected":false},"excerpt":{"rendered":"<p>Get Help Paying for Things Need help? SACA can often help pay for things like rent, utilities (PGE, NW Natural, water\/sewer), medical\/dental costs, propane, gas, and bus tickets. We provide financial assistance to people who meet the income guidelines and live in (or have children currently enrolled in) the Silver Falls School District (which includes Silverton and parts of other &#8230; <a href=\"https:\/\/silvertonareacommunityaid.org\/es\/get-help-paying-for-things\/\" class=\"more-link\">Read More<\/a><\/p>","protected":false},"author":7,"featured_media":0,"parent":0,"menu_order":0,"comment_status":"closed","ping_status":"closed","template":"template-blank-4.php","meta":{"footnotes":""},"class_list":["post-262","page","type-page","status-publish","hentry","no-post-thumbnail"],"_links":{"self":[{"href":"https:\/\/silvertonareacommunityaid.org\/es\/wp-json\/wp\/v2\/pages\/262","targetHints":{"allow":["GET"]}}],"collection":[{"href":"https:\/\/silvertonareacommunityaid.org\/es\/wp-json\/wp\/v2\/pages"}],"about":[{"href":"https:\/\/silvertonareacommunityaid.org\/es\/wp-json\/wp\/v2\/types\/page"}],"author":[{"embeddable":true,"href":"https:\/\/silvertonareacommunityaid.org\/es\/wp-json\/wp\/v2\/users\/7"}],"replies":[{"embeddable":true,"href":"https:\/\/silvertonareacommunityaid.org\/es\/wp-json\/wp\/v2\/comments?post=262"}],"version-history":[{"count":29,"href":"https:\/\/silvertonareacommunityaid.org\/es\/wp-json\/wp\/v2\/pages\/262\/revisions"}],"predecessor-version":[{"id":11067,"href":"https:\/\/silvertonareacommunityaid.org\/es\/wp-json\/wp\/v2\/pages\/262\/revisions\/11067"}],"wp:attachment":[{"href":"https:\/\/silvertonareacommunityaid.org\/es\/wp-json\/wp\/v2\/media?parent=262"}],"curies":[{"name":"wp","href":"https:\/\/api.w.org\/{rel}","templated":true}]}}