{"id":119,"date":"2019-07-19T05:41:57","date_gmt":"2019-07-19T05:41:57","guid":{"rendered":"https:\/\/silvertonareacommunityaid.org\/?page_id=119"},"modified":"2025-10-07T22:40:32","modified_gmt":"2025-10-07T22:40:32","slug":"get-food","status":"publish","type":"page","link":"https:\/\/silvertonareacommunityaid.org\/es\/get-food\/","title":{"rendered":"Obtener Comida"},"content":{"rendered":"<div id=\"cs-content\" class=\"cs-content\"><div class=\"x-section e119-e1 m3b-0 m3b-1 m3b-2 m3b-3\"><div class=\"x-bg\" aria-hidden=\"true\"><div class=\"x-bg-layer-lower-image\" data-x-element-bg-layer=\"{&quot;parallaxSize&quot;:&quot;150%&quot;,&quot;parallaxDir&quot;:&quot;v&quot;,&quot;parallaxRev&quot;:false}\"><\/div><div class=\"x-bg-layer-upper-color\"><\/div><\/div><div class=\"x-container max width e119-e2 m3b-e m3b-f m3b-g\"><div class=\"x-column x-sm x-1-1 e119-e3 m3b-j\"><div class=\"x-text x-text-headline e119-e4 m3b-k m3b-l m3b-m m3b-n m3b-o m3b-p m3b-q m3b-r\"><div class=\"x-text-content\"><div class=\"x-text-content-text\"><h1 class=\"x-text-content-text-primary\">Obtener Comida<\/h1>\n<\/div><\/div><\/div><\/div><\/div><\/div><div class=\"x-section e119-e5 m3b-0 m3b-2 m3b-3 m3b-4 m3b-5\" id=\"eligibility\"><div class=\"x-bg\" aria-hidden=\"true\"><div class=\"x-bg-layer-lower-image\" data-x-element-bg-layer=\"{&quot;parallaxSize&quot;:&quot;150%&quot;,&quot;parallaxDir&quot;:&quot;v&quot;,&quot;parallaxRev&quot;:false}\"><\/div><\/div><div class=\"x-container max width e119-e6 m3b-e m3b-f m3b-g\"><div class=\"x-column x-sm x-1-1 e119-e7 m3b-j\"><div class=\"x-text x-text-headline e119-e8 m3b-m m3b-n m3b-o m3b-q m3b-r m3b-s m3b-t m3b-u m3b-v\"><div class=\"x-text-content\"><div class=\"x-text-content-text\"><h1 class=\"x-text-content-text-primary\">\u00bfNecesita comida?<\/h1>\n<\/div><\/div><\/div><div class=\"x-text x-content e119-e9 m3b-18 m3b-19 m3b-1a m3b-1b m3b-1c m3b-1d m3b-1e\"><p class=\"translation-block\"><strong>Si tiene hambre o le falta comida, es posible que podamos ayudarlo.<\/strong> Nuestra despensa de alimentos proporciona frutas y verduras frescas, carne, l\u00e1cteos, huevos, pan, art\u00edculos de cuidado personal, alimentos para mascotas y una variedad de alimentos no perecederos a personas que cumplen con las <a href=\"#eligibility\" target=\"_self\">Pautas de Ingresos de la Despensa de Alimentos<\/a> y viven en (o tienen hijos actualmente inscritos) en el <a href=\"https:\/\/drive.google.com\/open?id=1wl8kqm9Hyzx5ldX858RVP9uMp5SiV6Bm&amp;usp=sharing\" target=\"_self\">Distrito Escolar de Silver Falls<\/a> (que incluye Silverton y partes de otras \u00e1reas circundantes, incluidas Scotts Mills, Mt. Angel, Salem y m\u00e1s).<\/p><\/div><hr class=\"x-line e119-e10 m3b-1p m3b-1q\"\/><\/div><\/div><div class=\"x-container max width e119-e11 m3b-e m3b-f m3b-h\"><div class=\"x-column x-sm x-1-2 e119-e12 m3b-j\"><div class=\"x-text x-content e119-e13 m3b-18 m3b-19 m3b-1a m3b-1b m3b-1c m3b-1d m3b-1e m3b-1f\"><p>Para obtener alimentos de la despensa de alimentos de SACA, debe:<\/p><\/div><div class=\"x-text x-text-headline e119-e14 m3b-m m3b-n m3b-o m3b-t m3b-v m3b-w m3b-x m3b-y\"><div class=\"x-text-content\"><div class=\"x-text-content-text\"><h1 class=\"x-text-content-text-primary\"><span style=\"color: #374a57;\">1. Vivir adentro del o tener hijos actualmente inscritos en el Distrito Escolar de Silver Falls<\/span><\/h1>\n<\/div><\/div><\/div><a class=\"x-anchor x-anchor-button e119-e15 m3b-1u m3b-1v\" tabindex=\"0\" href=\"https:\/\/drive.google.com\/open?id=1wl8kqm9Hyzx5ldX858RVP9uMp5SiV6Bm&amp;usp=sharing\" target=\"_blank\" rel=\"noopener noreferrer\"><div class=\"x-anchor-content\"><div class=\"x-anchor-text\"><span class=\"x-anchor-text-primary\">ve el mapa del distrito<\/span><\/div><\/div><\/a><div class=\"x-text x-content e119-e16 m3b-18 m3b-19 m3b-1a m3b-1b m3b-1c m3b-1e m3b-1g\"><p>Si no est\u00e1 seguro de si la escuela a la que asiste su hijo es parte del Distrito Escolar de Silver Falls, ll\u00e1menos al&nbsp;<a href=\"tel:5038733446\">503.873.3446<\/a> y podemos ayudar a resolverlo. Tambi\u00e9n puede usar el bot\u00f3n del mapa del distrito que se encuentra arriba para determinar si vive en el Distrito Escolar de Silver Falls.<\/p><\/div><hr class=\"x-line e119-e17 m3b-1q m3b-1r\"\/><div class=\"x-text x-text-headline e119-e18 m3b-m m3b-n m3b-o m3b-t m3b-v m3b-x m3b-y m3b-z\"><div class=\"x-text-content\"><div class=\"x-text-content-text\"><h1 class=\"x-text-content-text-primary\"><span style=\"color: #374a57;\">2. Cumplir con las pautas de ingresos<\/span><\/h1>\n<\/div><\/div><\/div><div class=\"x-text x-content e119-e19 m3b-18 m3b-19 m3b-1a m3b-1b m3b-1c m3b-1d m3b-1e m3b-1f\"><p>El ingreso total de su hogar debe ser igual o menor que la cantidad que figura en el cuadro de la derecha para la cantidad de personas en su hogar <span style=\"font-family: inherit; font-size: 1em; letter-spacing: 0em;\">-- el ingreso total del hogar es la cantidad de dinero que todos los que viven con usted reciben cada mes (o cada a\u00f1o)<\/span><\/p>\n<p><em>Si recibe SNAP, TANF, SSI o LIHEAP y vive o tiene uno o m\u00e1s hijos inscritos en el Distrito Escolar de Silver Falls, puede obtener alimentos en SACA (incluso si sus ingresos son superiores a la cantidad que figura en la tabla).<\/em><\/p>\n<p class=\"translation-block\">Si tiene preguntas, <a href=\"..\/contact-us\" target=\"_self\">cont\u00e1ctenos<\/a> o visite nuestra oficina.<\/p><\/div><hr class=\"x-line e119-e20 m3b-1q m3b-1r\"\/><div class=\"x-text x-content e119-e21 m3b-18 m3b-19 m3b-1a m3b-1b m3b-1c m3b-1e m3b-1g\"><p>Si no vive o no tiene uno o m\u00e1s hijos inscritos en el Distrito Escolar de Silver Falls o si sus ingresos son demasiado altos, es posible que pueda obtener alimentos en otra despensa de alimentos. Haga clic en el bot\u00f3n a continuaci\u00f3n para ver una lista de despensas de alimentos y comidas comunitarias en su vecindario. Si no ve ninguna despensa cerca de donde vive, ll\u00e1menos al <a href=\"tel:5038733446\">503.873.3446<\/a> para que le ayudemos a encontrar una despensa en su \u00e1rea.<\/p><\/div><a class=\"x-anchor x-anchor-button e119-e22 m3b-1v m3b-1w m3b-1x\" tabindex=\"0\" href=\"https:\/\/marionpolkfoodshare.org\/get-help\/\" target=\"_blank\" rel=\"noopener noreferrer\"><div class=\"x-anchor-content\"><div class=\"x-anchor-text\"><span class=\"x-anchor-text-primary\">Despensas de alimentos en los condados de Marion y Polk<\/span><\/div><\/div><\/a><a class=\"x-anchor x-anchor-button e119-e23 m3b-1v m3b-1w m3b-1x\" tabindex=\"0\" href=\"https:\/\/foodfinder.oregonfoodbank.org\/\" target=\"_blank\" rel=\"noopener noreferrer\"><div class=\"x-anchor-content\"><div class=\"x-anchor-text\"><span class=\"x-anchor-text-primary\">despensas de alimentos en otras partes de Oregon<\/span><\/div><\/div><\/a><\/div><div class=\"x-column x-sm x-1-2 e119-e24 m3b-j\"><hr class=\"x-line e119-e25 m3b-1q m3b-1s\"\/><div class=\"x-text x-content e119-e26 m3b-18 m3b-19 m3b-1a m3b-1b m3b-1c m3b-1e m3b-1g\"><p>Las escuelas del distrito escolar de Silver Falls incluyen:<\/p>\n<ul>\n<li>Escuela Aut\u00f3noma Betania<\/li>\n<li>Escuela Primaria Butte Creek<\/li>\n<li>Escuela Primaria Central Howell<\/li>\n<li>La Escuela Community Roots<\/li>\n<li>Escuela Primaria Evergreen<\/li>\n<li>Escuela Primaria Mark Twain<\/li>\n<li>Escuela Primaria Pratum<\/li>\n<li>Escuela Primaria Robert Frost<\/li>\n<li>Escuela Primaria Scotts Mills<\/li>\n<li>Academia Sequoia Falls<\/li>\n<li>Escuela Primaria Silver Crest<\/li>\n<li>Escuela Secundaria Silverton<\/li>\n<li>Escuela Intermedia Silverton<\/li>\n<li>Escuela Primaria Victor Point<\/li>\n<\/ul><\/div><hr class=\"x-line e119-e27 m3b-1q m3b-1t\"\/><div class=\"x-text x-text-headline e119-e28 m3b-m m3b-n m3b-p m3b-r m3b-s m3b-t m3b-v m3b-10\"><div class=\"x-text-content\"><div class=\"x-text-content-text\"><h1 class=\"x-text-content-text-primary\"><strong>2025 Food Pantry Income Guidelines<\/strong><\/h1>\n<\/div><\/div><\/div><div class=\"x-content-area e119-e29 m3b-21\"><table>\n<thead>\n<tr>\n<th>Household Size<\/th>\n<th>Income (Monthly)<\/th>\n<th>Income (Annual)<\/th>\n<\/tr>\n<\/thead>\n<tbody>\n<tr>\n<td>1<\/td>\n<td>$3,912<\/td>\n<td>$46,950<\/td>\n<\/tr>\n<tr>\n<td>2<\/td>\n<td>$5,287<\/td>\n<td>$63,450<\/td>\n<\/tr>\n<tr>\n<td>3<\/td>\n<td>$6,662<\/td>\n<td>$79,950<\/td>\n<\/tr>\n<tr>\n<td>4<\/td>\n<td>$8,037<\/td>\n<td>$96,450<\/td>\n<\/tr>\n<tr>\n<td>5<\/td>\n<td>$9,412<\/td>\n<td>$112,950<\/td>\n<\/tr>\n<tr>\n<td>6<\/td>\n<td>$10,787<\/td>\n<td>$129,450<\/td>\n<\/tr>\n<tr>\n<td>7<\/td>\n<td>$12,162<\/td>\n<td>$145,950<\/td>\n<\/tr>\n<tr>\n<td>8*<\/td>\n<td>$13,537<\/td>\n<td>$162,450<\/td>\n<\/tr>\n<\/tbody>\n<\/table><\/div><div class=\"x-text x-content e119-e30 m3b-19 m3b-1a m3b-1b m3b-1c m3b-1d m3b-1e m3b-1f m3b-1h m3b-1i m3b-1j\"><p>*For each additional member, add $1,375 per month or $16,500 per year.<\/p><\/div><\/div><\/div><\/div><div class=\"x-section e119-e31 m3b-0 m3b-2 m3b-6\"><div class=\"x-container max width e119-e32 m3b-e m3b-f m3b-g\"><div class=\"x-column x-sm x-1-2 e119-e33 m3b-j\"><div class=\"x-frame x-frame-map-embed e119-e34 m3b-22\"><div class=\"x-frame-inner\"><div class=\"x-map x-map-embed\"><iframe src=\"https:\/\/www.google.com\/maps\/embed?pb=!1m18!1m12!1m3!1d2821.081739993035!2d-122.78355512257357!3d45.00296196409338!2m3!1f0!2f0!3f0!3m2!1i1024!2i768!4f13.1!3m3!1m2!1s0x54bfe39ac5850b27%3A0xd00ee877f36e8add!2sSilverton%20Area%20Community%20Aid!5e0!3m2!1sen!2sus!4v1698963316150!5m2!1sen!2sus\" width=\"600\" height=\"450\" style=\"border:0;\" allowfullscreen=\"\" loading=\"lazy\" referrerpolicy=\"no-referrer-when-downgrade\"><\/iframe><\/div><\/div><\/div><\/div><div class=\"x-column x-sm x-1-2 e119-e35 m3b-j\"><div class=\"x-text x-text-headline e119-e36 m3b-m m3b-n m3b-o m3b-t m3b-11 m3b-12\"><div class=\"x-text-content\"><div class=\"x-text-content-text\"><h1 class=\"x-text-content-text-primary\">D\u00f3nde y cu\u00e1ndo encontrarnos<\/h1>\n<\/div><\/div><\/div><div class=\"x-container e119-e37 m3b-e m3b-f m3b-g\"><div class=\"x-column x-sm x-1-2 e119-e38 m3b-j\"><div class=\"x-text x-content e119-e39 m3b-19 m3b-1a m3b-1c m3b-1i m3b-1j m3b-1k m3b-1l m3b-1m\"><p>1030 N 1st St, Suite A<br \/>Silverton, OR 97381<\/p><\/div><\/div><div class=\"x-column x-sm x-1-2 e119-e40 m3b-j\"><div class=\"x-text x-content e119-e41 m3b-19 m3b-1a m3b-1b m3b-1i m3b-1l m3b-1m m3b-1n\"><p><strong style=\"font-size: 12.8px;\">lunes: <\/strong>11:00am-2:00pm<\/p>\n<p><strong>martes: <\/strong>4:00pm-6:00pm<\/p>\n<p><strong style=\"font-size: 12.8px;\">jueves:&nbsp;<\/strong><span style=\"font-size: 12.8px;\">9:00am-12:00pm<\/span><\/p>\n<p><strong>mi\u00e9rcoles, viernes, s\u00e1bado<br \/>y domingo: <\/strong>CERRADA<\/p><\/div><\/div><\/div><div class=\"x-container e119-e42 m3b-e m3b-f m3b-g\"><div class=\"x-column x-sm x-1-2 e119-e43 m3b-j\"><a class=\"x-anchor x-anchor-button e119-e44 m3b-1v m3b-1w m3b-1y\" tabindex=\"0\" href=\"https:\/\/goo.gl\/maps\/1T9QRgGivbvECBbd6\" target=\"_blank\" rel=\"noopener noreferrer\"><div class=\"x-anchor-content\"><div class=\"x-anchor-text\"><span class=\"x-anchor-text-primary\">obtener las direcciones<\/span><\/div><\/div><\/a><\/div><div class=\"x-column x-sm x-1-2 e119-e45 m3b-j\"><a class=\"x-anchor x-anchor-button e119-e46 m3b-1v m3b-1w m3b-1y\" tabindex=\"0\" href=\"\/es\/contact-us\/\"><div class=\"x-anchor-content\"><div class=\"x-anchor-text\"><span class=\"x-anchor-text-primary\">Cont\u00e1ctenos<\/span><\/div><\/div><\/a><\/div><\/div><\/div><\/div><\/div><div class=\"x-section e119-e47 m3b-0 m3b-2 m3b-7 m3b-8 m3b-9\"><div class=\"x-container max width e119-e48 m3b-e m3b-f m3b-g\"><div class=\"x-column x-sm x-1-1 e119-e49 m3b-j\"><div class=\"x-text x-text-headline e119-e50 m3b-m m3b-o m3b-r m3b-s m3b-t m3b-v m3b-12 m3b-13\"><div class=\"x-text-content\"><div class=\"x-text-content-text\"><h1 class=\"x-text-content-text-primary\"><strong>Preguntas Frecuentes<\/strong><\/h1>\n<\/div><\/div><\/div><\/div><\/div><\/div><div class=\"x-section e119-e51 m3b-0 m3b-5 m3b-9 m3b-a\"><div class=\"x-container max width e119-e52 m3b-e m3b-f m3b-g\"><div class=\"x-column x-sm x-1-2 e119-e53 m3b-j\"><span class=\"x-image e119-e54 m3b-23 m3b-24 m3b-25\"><img decoding=\"async\" src=\"https:\/\/silvertonareacommunityaid.org\/wp-content\/uploads\/2019\/07\/arrow-icon-general-2.png\" width=\"52\" height=\"39\" alt=\"Image\" loading=\"lazy\"><\/span><div class=\"x-text x-text-headline e119-e55 m3b-m m3b-n m3b-o m3b-t m3b-v m3b-x m3b-12 m3b-14 m3b-15 m3b-16\"><div class=\"x-text-content\"><div class=\"x-text-content-text\"><h1 class=\"x-text-content-text-primary\"><strong>\u00bfQu\u00e9 debo esperar?<\/strong><\/h1>\n<\/div><\/div><\/div><div class=\"x-text x-content e119-e56 m3b-18 m3b-19 m3b-1a m3b-1b m3b-1c m3b-1d m3b-1e m3b-1f\"><p>Please wait to arrive until we open. We ask that you not form a line or place belongings to hold a spot.<\/p>\n<p>Our entrance is on the Dollar General side of the building. You may enter through the sliding door.<\/p>\n<p>Cuando llegue, reg\u00edstrese con el Coordinador de Admisi\u00f3n en el mostrador. Si tiene una tarjeta Link2Feed, tr\u00e1igala para ayudar con el registro. Si no tiene una tarjeta Link2Feed, es posible que deba agregarlo a la base de datos de Link2Feed.<\/p>\n<p><em>Cuando venga a SACA por primera vez, le haremos algunas preguntas b\u00e1sicas sobre usted y las personas que viven con usted. Le pediremos su nombre y direcci\u00f3n (si no tiene una direcci\u00f3n, \u00a1est\u00e1 bien!) y tambi\u00e9n le pediremos que nos diga si cumple con las pautas de ingresos. Nunca le pedimos una identificaci\u00f3n con fotograf\u00eda o prueba de ingresos cuando viene a SACA a buscar comida.<\/em><\/p>\n<p><em>If you qualify to get food, you&rsquo;ll be able to shop through our pantry for a mix of fresh fruits and vegetables, bread, dairy, meat, eggs, and a variety of canned and boxed goods. We often have personal care items like shampoo, toilet paper, and toothpaste, too. You can to come to SACA for what you and your family need&mdash;everything is always free and you are welcome to come back once per week.<\/em><\/p>\n<p>Si prefiere no entrar a comprar, puede llamarnos al <a href=\"tel:5038733446\">503.873.3446<\/a> para hacer un pedido y te lo llevamos en el estacionamiento.<\/p><\/div><hr class=\"x-line e119-e57 m3b-1p m3b-1q\"\/><span class=\"x-image e119-e58 m3b-23 m3b-24 m3b-25\"><img decoding=\"async\" src=\"https:\/\/silvertonareacommunityaid.org\/wp-content\/uploads\/2019\/07\/arrow-icon-general-2.png\" width=\"52\" height=\"39\" alt=\"Image\" loading=\"lazy\"><\/span><div class=\"x-text x-text-headline e119-e59 m3b-m m3b-n m3b-o m3b-t m3b-v m3b-x m3b-12 m3b-14 m3b-15 m3b-16\"><div class=\"x-text-content\"><div class=\"x-text-content-text\"><h1 class=\"x-text-content-text-primary\"><strong>\u00bfC\u00f3mo obtengo alimentos de SACA?<\/strong><\/h1>\n<\/div><\/div><\/div><div class=\"x-text x-content e119-e60 m3b-18 m3b-19 m3b-1a m3b-1b m3b-1c m3b-1d m3b-1e m3b-1f\"><p>After you check in at the desk in our office, you can use one of our carts to shop through the pantry. We typically have bags available for you, but we recommend you bring your own as we cannot guarantee we will always have bags available. We have freezers, refrigerators, shelves, and racks stocked with a variety of items for you to choose from. Some items have limits (based on the number of people in your household), while you can take what you need of others. Once you've chosen all the items you need, you can take your cart out to the parking lot to unload. Please bring the carts back after you have unloaded them so others can use them to shop.<\/p>\n<p>Si prefiere realizar su pedido con anticipaci\u00f3n, puede llamarnos al <a href=\"tel:5038733446\">503.873.3446<\/a> en cualquier momento (deje un mensaje si no respondemos y le devolveremos la llamada para recibir su pedido). Tomaremos su pedido por tel\u00e9fono y programaremos una hora de recogida con usted. A la hora de recogida programada, ll\u00e1menos para informarnos que ha llegado. Despu\u00e9s de se complete su pedido, el personal o los voluntarios le traer\u00e1n sus art\u00edculos al estacionamiento.<\/p><\/div><\/div><div class=\"x-column x-sm x-1-2 e119-e61 m3b-j\"><span class=\"x-image e119-e62 m3b-23 m3b-24 m3b-25\"><img decoding=\"async\" src=\"https:\/\/silvertonareacommunityaid.org\/wp-content\/uploads\/2019\/07\/arrow-icon-general-2.png\" width=\"52\" height=\"39\" alt=\"Image\" loading=\"lazy\"><\/span><div class=\"x-text x-text-headline e119-e63 m3b-m m3b-n m3b-o m3b-t m3b-v m3b-x m3b-12 m3b-14 m3b-15 m3b-16\"><div class=\"x-text-content\"><div class=\"x-text-content-text\"><h1 class=\"x-text-content-text-primary\"><strong>\u00bfNecesito traer algo?<\/strong><\/h1>\n<\/div><\/div><\/div><div class=\"x-text x-content e119-e64 m3b-18 m3b-19 m3b-1a m3b-1b m3b-1c m3b-1d m3b-1e m3b-1f\"><p>No necesariamente.<\/p>\n<p class=\"translation-block\"><span style=\"text-decoration: underline\">No es necesario<\/span> traer ninguna identificaci\u00f3n ni comprobante de ingresos para obtener alimentos.<\/p>\n<p>Si ya tiene una tarjeta Link2Feed, tr\u00e1igala para ayudar con el registro. Si no tiene una tarjeta Link2Feed, es posible que deba agregarlo a la base de datos de Link2Feed.<\/p><\/div><hr class=\"x-line e119-e65 m3b-1p m3b-1q\"\/><span class=\"x-image e119-e66 m3b-23 m3b-24 m3b-26\"><img decoding=\"async\" src=\"https:\/\/silvertonareacommunityaid.org\/wp-content\/uploads\/2019\/07\/arrow-icon-general-2.png\" width=\"52\" height=\"39\" alt=\"Image\" loading=\"lazy\"><\/span><hr class=\"x-line e119-e67 m3b-1p m3b-1q\"\/><div class=\"x-text x-text-headline e119-e68 m3b-m m3b-n m3b-o m3b-s m3b-t m3b-v m3b-12 m3b-16\"><div class=\"x-text-content\"><div class=\"x-text-content-text\"><h1 class=\"x-text-content-text-primary\"><strong>\u00bfQu\u00e9 pasa si no puedo ingresar a SACA yo mismo?<\/strong><\/h1>\n<\/div><\/div><\/div><hr class=\"x-line e119-e69 m3b-1p m3b-1q\"\/><div class=\"x-text x-content e119-e70 m3b-18 m3b-19 m3b-1a m3b-1b m3b-1c m3b-1e m3b-1g\"><p>Ya sea que no pueda venir temporalmente a SACA debido a una enfermedad, conflictos de horarios, o si tiene una necesidad a largo plazo debido a una discapacidad\/enfermedad prolongada, puede elegir a alguien como representante autorizado para su hogar. Esta persona puede visitar SACA por usted con los permisos que usted les otorga a ellos y a SACA utilizando nuestro formulario de representante autorizado. Puede completar un formulario en nuestra oficina o puede imprimir uno haciendo clic en el bot\u00f3n a continuaci\u00f3n y completarlo en casa.<\/p><\/div><a class=\"x-anchor x-anchor-button e119-e71 m3b-1v m3b-1w m3b-1x m3b-1z\" tabindex=\"0\" href=\"https:\/\/silvertonareacommunityaid.org\/wp-content\/uploads\/2022\/02\/2022-Authorized-Representative-Form-12.30.21.docx\" target=\"_blank\" rel=\"noopener noreferrer\"><div class=\"x-anchor-content\"><div class=\"x-anchor-text\"><span class=\"x-anchor-text-primary\">formulario de representante autorizado<\/span><\/div><\/div><\/a><div class=\"x-text x-content e119-e72 m3b-18 m3b-19 m3b-1a m3b-1b m3b-1c m3b-1e m3b-1g\"><p>En algunas circunstancias, es posible que podamos entregarle comida. Si esto es algo que le interesa, ll\u00e1menos al <a href=\"tel:5038733446\">503.873.3446<\/a> para programar una entrega y realizar su pedido.<\/p>\n<p><em>Actualmente ofrecemos entregas los martes por la tarde y solicitamos que aquellos que solicitan una entrega llamen el lunes (o antes) para programar una entrega. A menudo no podemos atender una solicitud de entrega el mismo d\u00eda.<\/em><\/p>\n<p>*Las entregas solo est\u00e1n disponibles seg\u00fan lo permitan los horarios del personal y de forma limitada. Es posible que deba hacer otros arreglos si no podemos realizar la entrega.<\/p><\/div><span class=\"x-image e119-e73 m3b-23 m3b-26 m3b-27\"><img decoding=\"async\" src=\"https:\/\/silvertonareacommunityaid.org\/wp-content\/uploads\/2019\/07\/arrow-icon-general-2.png\" width=\"52\" height=\"39\" alt=\"Image\" loading=\"lazy\"><\/span><span class=\"x-image e119-e74 m3b-23 m3b-26 m3b-28\"><img decoding=\"async\" src=\"https:\/\/silvertonareacommunityaid.org\/wp-content\/uploads\/2019\/07\/arrow-icon-general-2.png\" width=\"52\" height=\"39\" alt=\"Image\" loading=\"lazy\"><\/span><\/div><\/div><\/div><div class=\"x-section e119-e75 m3b-0 m3b-2 m3b-7 m3b-b m3b-c\"><div class=\"x-container e119-e76 m3b-f m3b-g m3b-i\"><div class=\"x-column x-sm x-1-1 e119-e77 m3b-j\"><div class=\"x-text x-text-headline e119-e78 m3b-l m3b-m m3b-n m3b-o m3b-r m3b-t m3b-u m3b-x m3b-12 m3b-15\"><div class=\"x-text-content\"><div class=\"x-text-content-text\"><h1 class=\"x-text-content-text-primary\">\u00bfNecesitas otra ayuda?<\/h1>\n<\/div><\/div><\/div><div class=\"x-text x-content e119-e79 m3b-19 m3b-1b m3b-1c m3b-1l m3b-1o\"><p>SACA puede ayudar a pagar cosas como alquiler, servicios p\u00fablicos, gastos m\u00e9dicos\/dentales, propano, gasolina y boletos de autob\u00fas. A veces tambi\u00e9n podemos ayudar a pagar otras cosas.<\/p><\/div><a class=\"x-anchor x-anchor-button e119-e80 m3b-1v m3b-1w m3b-1y m3b-20\" tabindex=\"0\" href=\"\/es\/get-help-paying-for-things\/\"><div class=\"x-anchor-content\"><div class=\"x-anchor-text\"><span class=\"x-anchor-text-primary\">obtener ayuda para pagar las cosas<\/span><\/div><\/div><\/a><\/div><\/div><\/div><div class=\"x-section e119-e81 m3b-0 m3b-2 m3b-c m3b-d\"><div class=\"x-container max width e119-e82 m3b-e m3b-f m3b-g\"><div class=\"x-column x-sm x-1-1 e119-e83 m3b-j\"><div class=\"x-text x-text-headline e119-e84 m3b-m m3b-n m3b-s m3b-t m3b-10 m3b-17\"><div class=\"x-text-content\"><div class=\"x-text-content-text\"><h1 class=\"x-text-content-text-primary\"><strong>USDA Declaraci\u00f3n de No Discriminaci\u00f3n<\/strong><\/h1>\n<\/div><\/div><\/div><div class=\"x-text x-content e119-e85 m3b-18 m3b-19 m3b-1a m3b-1b m3b-1c m3b-1e m3b-1g\"><p style=\"text-align: start;\">SACA participa en un programa del USDA.<\/p>\n<p style=\"text-align: start;\">De acuerdo con la ley federal de derechos civiles y las normas y pol\u00edticas de derechos civiles del Departamento de Agricultura de los Estados Unidos (USDA), esta entidad est\u00e1 prohibida de discriminar por motivos de raza, color, origen nacional, sexo (incluyendo identidad de g\u00e9nero y orientaci\u00f3n sexual), discapacidad, edad, o represalia o retorsi\u00f3n por actividades previas de derechos civiles.<\/p>\n<p style=\"text-align: start;\">La informaci\u00f3n sobre el programa puede estar disponible en otros idiomas que no sean el ingl\u00e9s. Las personas con discapacidades que requieren medios alternos de comunicaci\u00f3n para obtener la informaci\u00f3n del programa (por ejemplo, Braille, letra grande, cinta de audio, lenguaje de se\u00f1as americano (ASL), etc.) deben comunicarse con la agencia local o estatal responsable de administrar el programa o con el Centro TARGET del USDA al (202) 720-2600 (voz y TTY) o comun\u00edquese con el USDA a trav\u00e9s del Servicio Federal de Retransmisi\u00f3n al (800) 877-8339.<\/p>\n<p style=\"text-align: start;\" class=\"translation-block\">Para presentar una queja por discriminaci\u00f3n en el programa, el reclamante debe llenar un formulario AD-3027, formulario de queja por discriminaci\u00f3n en el programa del USDA, el cual puede obtenerse en l\u00ednea en: \u00a0<a href=\"https:\/\/www.usda.gov\/sites\/default\/files\/documents\/ad-3027s.pdf\" target=\"_self\">https:\/\/www.usda.gov\/sites\/default\/files\/documents\/ad-3027s.pdf<\/a>, de cualquier oficina de USDA, llamando al (866) 632-9992, o escribiendo una carta dirigida a USDA. La carta debe contener el nombre del demandante, la direcci\u00f3n, el n\u00famero de tel\u00e9fono y una descripci\u00f3n escrita de la acci\u00f3n discriminatoria alegada con suficiente detalle para informar al Subsecretario de Derechos Civiles (ASCR) sobre la naturaleza y fecha de una presunta violaci\u00f3n de derechos civiles. El formulario AD-3027 completado o la carta debe presentarse a USDA por:<\/p>\n<p style=\"text-align: start;\">(1)\u00a0 \u00a0 \u00a0 \u00a0 \u00a0 \u00a0 \u00a0 \u00a0 \u00a0 \u00a0 \u00a0 \u00a0 correo: U.S. Department of Agriculture<\/p>\n<p style=\"text-align: start;\">&nbsp; &nbsp; &nbsp; &nbsp; &nbsp; &nbsp; &nbsp; &nbsp; &nbsp; &nbsp; &nbsp; &nbsp; &nbsp; &nbsp; Office of the Assistant Secretary for Civil Rights<\/p>\n<p style=\"text-align: start;\">&nbsp; &nbsp; &nbsp; &nbsp; &nbsp; &nbsp; &nbsp; &nbsp; &nbsp; &nbsp; &nbsp; &nbsp; &nbsp; &nbsp; 1400 Independence Avenue, SW<\/p>\n<p style=\"text-align: start;\">&nbsp; &nbsp; &nbsp; &nbsp; &nbsp; &nbsp; &nbsp; &nbsp; &nbsp; &nbsp; &nbsp; &nbsp; &nbsp; &nbsp; Washington, D.C. 20250-9410;<\/p>\n<p style=\"text-align: start;\">(2)<span style=\"background-color: transparent; font-family: inherit; font-size: 1em; letter-spacing: 0em;\">&nbsp; &nbsp; &nbsp; &nbsp; &nbsp; &nbsp; &nbsp; &nbsp; &nbsp; &nbsp; &nbsp; &nbsp;<\/span><span style=\"background-color: transparent; font-family: inherit; font-size: 1em; letter-spacing: 0em;\">&nbsp;fax (202) 690-7442; or<\/span><\/p>\n<p style=\"text-align: start;\"><span style=\"background-color: transparent; font-family: inherit; font-size: 1em; letter-spacing: 0em;\">(3)<\/span><span style=\"background-color: transparent; font-family: inherit; font-size: 1em; letter-spacing: 0em;\">&nbsp; &nbsp; &nbsp; &nbsp; &nbsp; &nbsp; &nbsp; &nbsp; &nbsp; &nbsp; &nbsp; &nbsp;<\/span><span style=\"background-color: transparent; font-family: inherit; font-size: 1em; letter-spacing: 0em;\">&nbsp;correo electr\u00f3nico:&nbsp;<a href=\"mailto: program.intake@usda.gov\">program.intake@usda.gov<\/a><\/span><\/p>\n<p style=\"text-align: start;\"><span style=\"background-color: transparent; font-family: inherit; font-size: 1em; letter-spacing: 0em;\">Esta instituci\u00f3n es un proveedor que brinda igualdad de oportunidades.<\/span><\/p><\/div><\/div><\/div><\/div><\/div>","protected":false},"excerpt":{"rendered":"<p>Get Food Need food? If you are hungry or low on food, we may be able to help. Our food pantry provides fresh fruits and vegetables, meat, dairy, eggs, bread, personal care items, pet food, and a varity of non-perishable foods to people who meet the Food Pantry income guidelines and live in (or have children currently enrolled in) the &#8230; <a href=\"https:\/\/silvertonareacommunityaid.org\/es\/get-food\/\" class=\"more-link\">Read More<\/a><\/p>","protected":false},"author":7,"featured_media":0,"parent":0,"menu_order":0,"comment_status":"closed","ping_status":"closed","template":"template-blank-4.php","meta":{"footnotes":""},"class_list":["post-119","page","type-page","status-publish","hentry","no-post-thumbnail"],"_links":{"self":[{"href":"https:\/\/silvertonareacommunityaid.org\/es\/wp-json\/wp\/v2\/pages\/119","targetHints":{"allow":["GET"]}}],"collection":[{"href":"https:\/\/silvertonareacommunityaid.org\/es\/wp-json\/wp\/v2\/pages"}],"about":[{"href":"https:\/\/silvertonareacommunityaid.org\/es\/wp-json\/wp\/v2\/types\/page"}],"author":[{"embeddable":true,"href":"https:\/\/silvertonareacommunityaid.org\/es\/wp-json\/wp\/v2\/users\/7"}],"replies":[{"embeddable":true,"href":"https:\/\/silvertonareacommunityaid.org\/es\/wp-json\/wp\/v2\/comments?post=119"}],"version-history":[{"count":27,"href":"https:\/\/silvertonareacommunityaid.org\/es\/wp-json\/wp\/v2\/pages\/119\/revisions"}],"predecessor-version":[{"id":11068,"href":"https:\/\/silvertonareacommunityaid.org\/es\/wp-json\/wp\/v2\/pages\/119\/revisions\/11068"}],"wp:attachment":[{"href":"https:\/\/silvertonareacommunityaid.org\/es\/wp-json\/wp\/v2\/media?parent=119"}],"curies":[{"name":"wp","href":"https:\/\/api.w.org\/{rel}","templated":true}]}}